{"id":50577,"date":"2019-01-19T19:15:32","date_gmt":"2019-01-19T17:15:32","guid":{"rendered":"http:\/\/www.btv.md\/?page_id=50577"},"modified":"2022-02-14T17:06:59","modified_gmt":"2022-02-14T15:06:59","slug":"contacte","status":"publish","type":"page","link":"https:\/\/www.btv.md\/ro\/contacte\/","title":{"rendered":"Contacte"},"content":{"rendered":"<p>[vc_row][vc_column][vc_column_text]Preluarea textelor de pe pagina www.btv.md se realizeaz\u0103 \u00een limita maxim\u0103 de 500 de semne. \u00cen mod obligatoriu, \u00een cazul paginilor web (portaluri, agentii, institu\u0163ii media sau bloguri) trebuie indicat \u015fi linkul direct la articolul preluat din www.btv.md Institu\u0163iile de presa care preiau articole sau imagini pentru emisiuni TV sau radio, vor cita sursa, iar edi\u0163iile tip\u0103rite \u0219i cele electronice vor indica sursa \u015fi autorul informa\u0163iei. Preluarea integral\u0103 se poate realiza doar \u00een condi\u0163iile unui acord prealabil cu redac\u0163ia BTV.<\/p>\n<p><iframe data-src=\"https:\/\/www.google.com\/maps\/embed?pb=!1m18!1m12!1m3!1d2681.76309337014!2d27.9313492498838!3d47.766649382896304!2m3!1f0!2f0!3f0!3m2!1i1024!2i768!4f13.1!3m3!1m2!1s0x40cb60ce066db033%3A0xf6a33553bfcc8e02!2zU3RyYWRhIEtpZXYgMTQ1LCBCxINsyJtpLCDQnNC-0LvQtNC-0LLQsA!5e0!3m2!1sru!2s!4v1450109204892\" width=\"880\" height=\"350\" frameborder=\"0\" allowfullscreen=\"allowfullscreen\" data-mce-fragment=\"1\" src=\"data:image\/svg+xml;base64,PHN2ZyB3aWR0aD0iMSIgaGVpZ2h0PSIxIiB4bWxucz0iaHR0cDovL3d3dy53My5vcmcvMjAwMC9zdmciPjwvc3ZnPg==\" class=\"lazyload\" data-load-mode=\"1\"><\/iframe><\/p>\n<p>Adresa: 3100, Moldova, B\u0103l\u0163i, str. Kievului, 145.<\/p>\n<p>Telefon: (+37323) 188 155<\/p>\n<p>E-mail: \u00a0 <a href=\"mailto:btv@btv.md\" target=\"_blank\" rel=\"noopener\">btv@btv.md<\/a><\/p>\n<hr \/>\n<p>[\/vc_column_text][\/vc_column][\/vc_row][vc_row][vc_column][vc_column_text]<a href=\"https:\/\/www.btv.md\/wp-content\/uploads\/2022\/02\/raport-btv-activitate-2021.pdf\" class=\"pdfemb-viewer\" style=\"\" data-width=\"max\" data-height=\"max\" data-toolbar=\"bottom\" data-toolbar-fixed=\"off\">Raport BTV activitate 2021<\/a>[\/vc_column_text][\/vc_column][\/vc_row]<\/p>\n","protected":false},"excerpt":{"rendered":"<p>[vc_row][vc_column][vc_column_text]Preluarea textelor de pe pagina www.btv.md se realizeaz\u0103 \u00een limita maxim\u0103 de 500 de semne. \u00cen mod obligatoriu, \u00een cazul paginilor web (portaluri, agentii, institu\u0163ii media sau bloguri) trebuie indicat \u015fi linkul direct la articolul preluat din www.btv.md Institu\u0163iile de presa care preiau articole sau imagini pentru emisiuni TV sau radio, vor cita sursa, iar [&hellip;]<\/p>\n","protected":false},"author":15,"featured_media":0,"parent":0,"menu_order":0,"comment_status":"closed","ping_status":"closed","template":"","meta":{"footnotes":""},"class_list":["post-50577","page","type-page","status-publish","hentry"],"yoast_head":"<!-- This site is optimized with the Yoast SEO plugin v27.4 - https:\/\/yoast.com\/product\/yoast-seo-wordpress\/ -->\n<title>Contacte - BTV<\/title>\n<meta name=\"robots\" content=\"index, follow, max-snippet:-1, max-image-preview:large, max-video-preview:-1\" \/>\n<link rel=\"canonical\" href=\"https:\/\/www.btv.md\/ro\/contacte\/\" \/>\n<meta property=\"og:locale\" content=\"ro_RO\" \/>\n<meta property=\"og:type\" content=\"article\" \/>\n<meta property=\"og:title\" content=\"Contacte - BTV\" \/>\n<meta property=\"og:description\" content=\"[vc_row][vc_column][vc_column_text]Preluarea textelor de pe pagina www.btv.md se realizeaz\u0103 \u00een limita maxim\u0103 de 500 de semne. \u00cen mod obligatoriu, \u00een cazul paginilor web (portaluri, agentii, institu\u0163ii media sau bloguri) trebuie indicat \u015fi linkul direct la articolul preluat din www.btv.md Institu\u0163iile de presa care preiau articole sau imagini pentru emisiuni TV sau radio, vor cita sursa, iar [&hellip;]\" \/>\n<meta property=\"og:url\" content=\"https:\/\/www.btv.md\/ro\/contacte\/\" \/>\n<meta property=\"og:site_name\" content=\"BTV\" \/>\n<meta property=\"article:publisher\" content=\"https:\/\/www.facebook.com\/btvmoldova\/\" \/>\n<meta property=\"article:modified_time\" content=\"2022-02-14T15:06:59+00:00\" \/>\n<meta property=\"og:image\" content=\"https:\/\/www.btv.md\/wp-content\/uploads\/2016\/05\/5-logo-n.jpg\" \/>\n\t<meta property=\"og:image:width\" content=\"1371\" \/>\n\t<meta property=\"og:image:height\" content=\"1371\" \/>\n\t<meta property=\"og:image:type\" content=\"image\/jpeg\" \/>\n<meta name=\"twitter:label1\" content=\"Timp estimat pentru citire\" \/>\n\t<meta name=\"twitter:data1\" content=\"1 minut\" \/>\n<script type=\"application\/ld+json\" class=\"yoast-schema-graph\">{\"@context\":\"https:\\\/\\\/schema.org\",\"@graph\":[{\"@type\":\"WebPage\",\"@id\":\"https:\\\/\\\/www.btv.md\\\/ro\\\/contacte\\\/\",\"url\":\"https:\\\/\\\/www.btv.md\\\/ro\\\/contacte\\\/\",\"name\":\"Contacte - BTV\",\"isPartOf\":{\"@id\":\"https:\\\/\\\/www.btv.md\\\/#website\"},\"datePublished\":\"2019-01-19T17:15:32+00:00\",\"dateModified\":\"2022-02-14T15:06:59+00:00\",\"inLanguage\":\"ro-RO\",\"potentialAction\":[{\"@type\":\"ReadAction\",\"target\":[\"https:\\\/\\\/www.btv.md\\\/ro\\\/contacte\\\/\"]}]},{\"@type\":\"WebSite\",\"@id\":\"https:\\\/\\\/www.btv.md\\\/#website\",\"url\":\"https:\\\/\\\/www.btv.md\\\/\",\"name\":\"BTV\",\"description\":\"\u0411\u0435\u043b\u044c\u0446\u043a\u043e\u0435 \u0442\u0435\u043b\u0435\u0432\u0438\u0434\u0435\u043d\u0438\u0435\",\"potentialAction\":[{\"@type\":\"SearchAction\",\"target\":{\"@type\":\"EntryPoint\",\"urlTemplate\":\"https:\\\/\\\/www.btv.md\\\/?s={search_term_string}\"},\"query-input\":{\"@type\":\"PropertyValueSpecification\",\"valueRequired\":true,\"valueName\":\"search_term_string\"}}],\"inLanguage\":\"ro-RO\"}]}<\/script>\n<!-- \/ Yoast SEO plugin. -->","yoast_head_json":{"title":"Contacte - BTV","robots":{"index":"index","follow":"follow","max-snippet":"max-snippet:-1","max-image-preview":"max-image-preview:large","max-video-preview":"max-video-preview:-1"},"canonical":"https:\/\/www.btv.md\/ro\/contacte\/","og_locale":"ro_RO","og_type":"article","og_title":"Contacte - BTV","og_description":"[vc_row][vc_column][vc_column_text]Preluarea textelor de pe pagina www.btv.md se realizeaz\u0103 \u00een limita maxim\u0103 de 500 de semne. \u00cen mod obligatoriu, \u00een cazul paginilor web (portaluri, agentii, institu\u0163ii media sau bloguri) trebuie indicat \u015fi linkul direct la articolul preluat din www.btv.md Institu\u0163iile de presa care preiau articole sau imagini pentru emisiuni TV sau radio, vor cita sursa, iar [&hellip;]","og_url":"https:\/\/www.btv.md\/ro\/contacte\/","og_site_name":"BTV","article_publisher":"https:\/\/www.facebook.com\/btvmoldova\/","article_modified_time":"2022-02-14T15:06:59+00:00","og_image":[{"width":1371,"height":1371,"url":"https:\/\/www.btv.md\/wp-content\/uploads\/2016\/05\/5-logo-n.jpg","type":"image\/jpeg"}],"twitter_misc":{"Timp estimat pentru citire":"1 minut"},"schema":{"@context":"https:\/\/schema.org","@graph":[{"@type":"WebPage","@id":"https:\/\/www.btv.md\/ro\/contacte\/","url":"https:\/\/www.btv.md\/ro\/contacte\/","name":"Contacte - BTV","isPartOf":{"@id":"https:\/\/www.btv.md\/#website"},"datePublished":"2019-01-19T17:15:32+00:00","dateModified":"2022-02-14T15:06:59+00:00","inLanguage":"ro-RO","potentialAction":[{"@type":"ReadAction","target":["https:\/\/www.btv.md\/ro\/contacte\/"]}]},{"@type":"WebSite","@id":"https:\/\/www.btv.md\/#website","url":"https:\/\/www.btv.md\/","name":"BTV","description":"\u0411\u0435\u043b\u044c\u0446\u043a\u043e\u0435 \u0442\u0435\u043b\u0435\u0432\u0438\u0434\u0435\u043d\u0438\u0435","potentialAction":[{"@type":"SearchAction","target":{"@type":"EntryPoint","urlTemplate":"https:\/\/www.btv.md\/?s={search_term_string}"},"query-input":{"@type":"PropertyValueSpecification","valueRequired":true,"valueName":"search_term_string"}}],"inLanguage":"ro-RO"}]}},"_links":{"self":[{"href":"https:\/\/www.btv.md\/ro\/wp-json\/wp\/v2\/pages\/50577","targetHints":{"allow":["GET"]}}],"collection":[{"href":"https:\/\/www.btv.md\/ro\/wp-json\/wp\/v2\/pages"}],"about":[{"href":"https:\/\/www.btv.md\/ro\/wp-json\/wp\/v2\/types\/page"}],"author":[{"embeddable":true,"href":"https:\/\/www.btv.md\/ro\/wp-json\/wp\/v2\/users\/15"}],"replies":[{"embeddable":true,"href":"https:\/\/www.btv.md\/ro\/wp-json\/wp\/v2\/comments?post=50577"}],"version-history":[{"count":0,"href":"https:\/\/www.btv.md\/ro\/wp-json\/wp\/v2\/pages\/50577\/revisions"}],"wp:attachment":[{"href":"https:\/\/www.btv.md\/ro\/wp-json\/wp\/v2\/media?parent=50577"}],"curies":[{"name":"wp","href":"https:\/\/api.w.org\/{rel}","templated":true}]}}